{"id":55,"date":"2022-10-11T10:59:45","date_gmt":"2022-10-11T16:59:45","guid":{"rendered":"https:\/\/www.llcedc.com\/?page_id=55"},"modified":"2024-11-14T18:50:21","modified_gmt":"2024-11-15T01:50:21","slug":"community-resilience","status":"publish","type":"page","link":"https:\/\/www.llcedc.com\/es\/resources\/community-resilience\/","title":{"rendered":"Resiliencia comunitaria"},"content":{"rendered":"<div class=\"wpb-content-wrapper\"><div class=\"vc_row wpb_row vc_row-fluid\"><div class=\"wpb_column vc_column_container vc_col-sm-12\"><div class=\"vc_column-inner\"><div class=\"wpb_wrapper\"><div class='linesWrapper center'><h1 class=''>Resiliencia comunitaria<\/h1><\/div><\/div><\/div><\/div><\/div><div class=\"vc_row wpb_row vc_row-fluid\"><div class=\"wpb_column vc_column_container vc_col-sm-6\"><div class=\"vc_column-inner\"><div class=\"wpb_wrapper\"><div class=\"vc_empty_space\"   style=\"height: 40px\"><span class=\"vc_empty_space_inner\"><\/span><\/div>\n\t<div  class=\"wpb_single_image wpb_content_element vc_align_left wpb_content_element\">\n\t\t\n\t\t<figure class=\"wpb_wrapper vc_figure\">\n\t\t\t<div class=\"vc_single_image-wrapper   vc_box_border_grey\"><img decoding=\"async\" class=\"vc_single_image-img lazyload\" data-src=\"https:\/\/www.llcedc.com\/wp-content\/uploads\/2024\/11\/Copy-of-062822_maguire_cto_8120-scaled-500x300.jpg\" width=\"500\" height=\"300\" alt=\"Photo by Maguire\" title=\"Copia de 062822_maguire_cto_8120\" src=\"data:image\/svg+xml;base64,PHN2ZyB3aWR0aD0iMSIgaGVpZ2h0PSIxIiB4bWxucz0iaHR0cDovL3d3dy53My5vcmcvMjAwMC9zdmciPjwvc3ZnPg==\" style=\"--smush-placeholder-width: 500px; --smush-placeholder-aspect-ratio: 500\/300;\" \/><\/div>\n\t\t<\/figure>\n\t<\/div>\n<\/div><\/div><\/div><div class=\"wpb_column vc_column_container vc_col-sm-6\"><div class=\"vc_column-inner\"><div class=\"wpb_wrapper\"><h1 class=''>Plan de acci\u00f3n de resiliencia del condado de Lake<\/h1>\n\t<div class=\"wpb_text_column wpb_content_element\" >\n\t\t<div class=\"wpb_wrapper\">\n\t\t\t<p>El Plan de Acci\u00f3n de Resiliencia del Condado de Lake es un esfuerzo impulsado por la comunidad para identificar los riesgos clave, fortalecer los recursos y construir resiliencia para un futuro m\u00e1s fuerte. Desde abordar los desaf\u00edos clim\u00e1ticos hasta apoyar a las organizaciones sin fines de lucro locales y prepararse para los cambios econ\u00f3micos, este plan proporciona estrategias viables para ayudar a nuestra comunidad a prosperar. Este plan se cre\u00f3 en agosto de 2022.<\/p>\n\n\t\t<\/div>\n\t<\/div>\n<div class='tdlButtonWrapper'><a class='tdlButton t-white b-brown' href='https:\/\/www.llcedc.com\/wp-content\/uploads\/2022\/10\/Lake-County-Resilience-Action-Plan-Final-Draft.pdf' target='_blank'>Consulte aqu\u00ed el plan de acci\u00f3n de resiliencia completo<\/a><\/div><\/div><\/div><\/div><\/div><div class=\"vc_row wpb_row vc_row-fluid\"><div class=\"wpb_column vc_column_container vc_col-sm-12\"><div class=\"vc_column-inner\"><div class=\"wpb_wrapper\"><div class=\"vc_empty_space\"   style=\"height: 150px\"><span class=\"vc_empty_space_inner\"><\/span><\/div><\/div><\/div><\/div><\/div>\n<\/div>","protected":false},"excerpt":{"rendered":"Resiliencia comunitaria Plan de acci\u00f3n de resiliencia del condado de Lake El Plan de acci\u00f3n de resiliencia del condado de Lake es un esfuerzo impulsado por la comunidad para identificar los riesgos clave, fortalecer los recursos y crear resiliencia para un futuro m\u00e1s fuerte. Desde abordar los retos clim\u00e1ticos hasta apoyar a las organizaciones locales sin \u00e1nimo de lucro...","protected":false},"author":8,"featured_media":0,"parent":49,"menu_order":0,"comment_status":"closed","ping_status":"closed","template":"","meta":{"footnotes":""},"class_list":["post-55","page","type-page","status-publish","hentry"],"aioseo_notices":[],"_links":{"self":[{"href":"https:\/\/www.llcedc.com\/es\/wp-json\/wp\/v2\/pages\/55","targetHints":{"allow":["GET"]}}],"collection":[{"href":"https:\/\/www.llcedc.com\/es\/wp-json\/wp\/v2\/pages"}],"about":[{"href":"https:\/\/www.llcedc.com\/es\/wp-json\/wp\/v2\/types\/page"}],"author":[{"embeddable":true,"href":"https:\/\/www.llcedc.com\/es\/wp-json\/wp\/v2\/users\/8"}],"replies":[{"embeddable":true,"href":"https:\/\/www.llcedc.com\/es\/wp-json\/wp\/v2\/comments?post=55"}],"version-history":[{"count":11,"href":"https:\/\/www.llcedc.com\/es\/wp-json\/wp\/v2\/pages\/55\/revisions"}],"predecessor-version":[{"id":1090,"href":"https:\/\/www.llcedc.com\/es\/wp-json\/wp\/v2\/pages\/55\/revisions\/1090"}],"up":[{"embeddable":true,"href":"https:\/\/www.llcedc.com\/es\/wp-json\/wp\/v2\/pages\/49"}],"wp:attachment":[{"href":"https:\/\/www.llcedc.com\/es\/wp-json\/wp\/v2\/media?parent=55"}],"curies":[{"name":"wp","href":"https:\/\/api.w.org\/{rel}","templated":true}]}}