{"id":565,"date":"2022-10-31T11:39:28","date_gmt":"2022-10-31T17:39:28","guid":{"rendered":"https:\/\/www.llcedc.com\/?page_id=565"},"modified":"2024-12-04T10:29:15","modified_gmt":"2024-12-04T17:29:15","slug":"housing","status":"publish","type":"page","link":"https:\/\/www.llcedc.com\/es\/live\/housing\/","title":{"rendered":"Vivienda"},"content":{"rendered":"<div class=\"wpb-content-wrapper\"><div class=\"vc_row wpb_row vc_row-fluid\"><div class=\"wpb_column vc_column_container vc_col-sm-12\"><div class=\"vc_column-inner\"><div class=\"wpb_wrapper\">\n\t\t\t<!-- START Housing REVOLUTION SLIDER 6.7.38 --><p class=\"rs-p-wp-fix\"><\/p>\n\t\t\t<rs-module-wrap id=\"rev_slider_13_1_wrapper\" data-source=\"post\" style=\"visibility:hidden;background:transparent;padding:0;margin:0px auto;margin-top:0;margin-bottom:0;\">\n\t\t\t\t<rs-module id=\"rev_slider_13_1\" style=\"\" data-version=\"6.7.38\">\n\t\t\t\t\t<rs-slides style=\"overflow: hidden; position: absolute;\">\n\t\t\t\t\t\t<rs-slide style=\"position: absolute;\" data-key=\"rs-565\" data-title=\"Housing\" data-anim=\"adpr:false;\" data-in=\"o:0;\" data-out=\"a:false;\">\n\t\t\t\t\t\t\t<img decoding=\"async\" src=\"\/\/www.llcedc.com\/wp-content\/plugins\/revslider\/sr6\/assets\/assets\/dummy.png\" alt=\"\" title=\"Copy of 8T9A7158\" width=\"1800\" height=\"1200\" class=\"rev-slidebg tp-rs-img rs-lazyload\" data-lazyload=\"\/\/www.llcedc.com\/wp-content\/uploads\/2024\/11\/Copy-of-8T9A7158-scaled.jpeg\" data-bg=\"p:0% 45%;\" data-no-retina>\n<!--\n\t\t\t\t\t\t\t--><rs-layer\n\t\t\t\t\t\t\t\tid=\"slider-13-slide-565-layer-0\" \n\t\t\t\t\t\t\t\tdata-type=\"shape\"\n\t\t\t\t\t\t\t\tdata-rsp_ch=\"on\"\n\t\t\t\t\t\t\t\tdata-text=\"w:normal;\"\n\t\t\t\t\t\t\t\tdata-dim=\"w:100%;h:100%;\"\n\t\t\t\t\t\t\t\tdata-basealign=\"slide\"\n\t\t\t\t\t\t\t\tdata-frame_999=\"o:0;st:w;\"\n\t\t\t\t\t\t\t\tstyle=\"z-index:5;background-color:rgba(0,0,0,0.5);\"\n\t\t\t\t\t\t\t> \n\t\t\t\t\t\t\t<\/rs-layer><!--\n-->\t\t\t\t\t<\/rs-slide>\n\t\t\t\t\t<\/rs-slides>\n\t\t\t\t<\/rs-module>\n\t\t\t\t<script>\n\t\t\t\t\tsetREVStartSize({c: 'rev_slider_13_1',rl:[1240,1024,778,480],el:[600],gw:[1240],gh:[600],type:'standard',justify:'',layout:'fullwidth',mh:\"0\"});if (window.RS_MODULES!==undefined && window.RS_MODULES.modules!==undefined && window.RS_MODULES.modules[\"revslider131\"]!==undefined) {window.RS_MODULES.modules[\"revslider131\"].once = false;window.revapi13 = undefined;if (window.RS_MODULES.checkMinimal!==undefined) window.RS_MODULES.checkMinimal()}\n\t\t\t\t<\/script>\n\t\t\t<\/rs-module-wrap>\n\t\t\t<!-- END REVOLUTION SLIDER -->\n<\/div><\/div><\/div><\/div><div class=\"vc_row wpb_row vc_row-fluid\"><div class=\"wpb_column vc_column_container vc_col-sm-12\"><div class=\"vc_column-inner\"><div class=\"wpb_wrapper\"><div class='linesWrapper center'><h1 class=''>Find a Home<\/h1><\/div>\n\t<div class=\"wpb_text_column wpb_content_element\" >\n\t\t<div class=\"wpb_wrapper\">\n\t\t\t<p style=\"text-align: center;\">If you are looking to purchase or rent a home in Leadville or Lake County here are the county real estate agencies and property management companies.<\/p>\n\n\t\t<\/div>\n\t<\/div>\n<div class=\"vc_row wpb_row vc_inner vc_row-fluid\"><div class=\"wpb_column vc_column_container vc_col-sm-4\"><div class=\"vc_column-inner\"><div class=\"wpb_wrapper\">\n\t<div class=\"wpb_text_column wpb_content_element\" >\n\t\t<div class=\"wpb_wrapper\">\n\t\t\t<p><a href=\"https:\/\/www.leadvillecorealestate.com\/\" target=\"_blank\" rel=\"noopener\"><strong>Centennial Real Estate<\/strong><\/a><br \/>\n1020 Poplar Street<br \/>\nLeadville, CO 80461<br \/>\n719-486-1409<\/p>\n\n\t\t<\/div>\n\t<\/div>\n\n\t<div  class=\"wpb_single_image wpb_content_element vc_align_left wpb_content_element  noBorder\">\n\t\t\n\t\t<figure class=\"wpb_wrapper vc_figure\">\n\t\t\t<a href=\"https:\/\/www.leadvillecorealestate.com\/\" target=\"_blank\" class=\"vc_single_image-wrapper   vc_box_border_grey\"><img decoding=\"async\" width=\"291\" height=\"177\" data-src=\"https:\/\/www.llcedc.com\/wp-content\/uploads\/2022\/11\/real-estate-3.jpg\" class=\"vc_single_image-img attachment-full lazyload\" alt=\"\" title=\"real-estate-3\" src=\"data:image\/svg+xml;base64,PHN2ZyB3aWR0aD0iMSIgaGVpZ2h0PSIxIiB4bWxucz0iaHR0cDovL3d3dy53My5vcmcvMjAwMC9zdmciPjwvc3ZnPg==\" style=\"--smush-placeholder-width: 291px; --smush-placeholder-aspect-ratio: 291\/177;\" \/><\/a>\n\t\t<\/figure>\n\t<\/div>\n<\/div><\/div><\/div><div class=\"wpb_column vc_column_container vc_col-sm-4\"><div class=\"vc_column-inner\"><div class=\"wpb_wrapper\">\n\t<div class=\"wpb_text_column wpb_content_element\" >\n\t\t<div class=\"wpb_wrapper\">\n\t\t\t<p><a href=\"https:\/\/www.buyleadville.com\/\" target=\"_blank\" rel=\"noopener\"><strong>Independence Realty &amp; Property Management<\/strong><\/a><br \/>\n1017 Poplar Street, Unit B<br \/>\nLeadville, CO 80461<br \/>\n970-688-4342<\/p>\n\n\t\t<\/div>\n\t<\/div>\n\n\t<div  class=\"wpb_single_image wpb_content_element vc_align_left wpb_content_element  noBorder\">\n\t\t\n\t\t<figure class=\"wpb_wrapper vc_figure\">\n\t\t\t<a href=\"https:\/\/rentleadville.com\/\" target=\"_blank\" class=\"vc_single_image-wrapper   vc_box_border_grey\"><img decoding=\"async\" width=\"1595\" height=\"228\" data-src=\"https:\/\/www.llcedc.com\/wp-content\/uploads\/2024\/12\/independence-realty-logo.webp\" class=\"vc_single_image-img attachment-full lazyload\" alt=\"\" title=\"independence-realty-logo\" data-srcset=\"https:\/\/www.llcedc.com\/wp-content\/uploads\/2024\/12\/independence-realty-logo.webp 1595w, https:\/\/www.llcedc.com\/wp-content\/uploads\/2024\/12\/independence-realty-logo-300x43.webp 300w, https:\/\/www.llcedc.com\/wp-content\/uploads\/2024\/12\/independence-realty-logo-1024x146.webp 1024w, https:\/\/www.llcedc.com\/wp-content\/uploads\/2024\/12\/independence-realty-logo-768x110.webp 768w, https:\/\/www.llcedc.com\/wp-content\/uploads\/2024\/12\/independence-realty-logo-1536x220.webp 1536w\" data-sizes=\"(max-width: 1595px) 100vw, 1595px\" src=\"data:image\/svg+xml;base64,PHN2ZyB3aWR0aD0iMSIgaGVpZ2h0PSIxIiB4bWxucz0iaHR0cDovL3d3dy53My5vcmcvMjAwMC9zdmciPjwvc3ZnPg==\" style=\"--smush-placeholder-width: 1595px; --smush-placeholder-aspect-ratio: 1595\/228;\" \/><\/a>\n\t\t<\/figure>\n\t<\/div>\n<\/div><\/div><\/div><div class=\"wpb_column vc_column_container vc_col-sm-4\"><div class=\"vc_column-inner\"><div class=\"wpb_wrapper\">\n\t<div class=\"wpb_text_column wpb_content_element\" >\n\t\t<div class=\"wpb_wrapper\">\n\t\t\t<p><a href=\"https:\/\/leadvillehomes.com\/\" target=\"_blank\" rel=\"noopener\"><strong>Aspen Leaf Realty<\/strong><\/a><br \/>\n711 Harrison Ave, Unit 1A<br \/>\nLeadville, CO 80461<br \/>\n719-486-1930<\/p>\n\n\t\t<\/div>\n\t<\/div>\n\n\t<div  class=\"wpb_single_image wpb_content_element vc_align_left wpb_content_element  noBorder\">\n\t\t\n\t\t<figure class=\"wpb_wrapper vc_figure\">\n\t\t\t<a href=\"https:\/\/leadvillehomes.com\/\" target=\"_blank\" class=\"vc_single_image-wrapper   vc_box_border_grey\"><img decoding=\"async\" class=\"vc_single_image-img lazyload\" data-src=\"https:\/\/www.llcedc.com\/wp-content\/uploads\/2024\/12\/ASPEN-LEAF-REALTY-LOGO-Black-Square-300x300-1.png\" width=\"256\" height=\"154\" alt=\"ASPEN-LEAF-REALTY-LOGO-Black-Square-300x300\" title=\"ASPEN-LEAF-REALTY-LOGO-Black-Square-300x300\" src=\"data:image\/svg+xml;base64,PHN2ZyB3aWR0aD0iMSIgaGVpZ2h0PSIxIiB4bWxucz0iaHR0cDovL3d3dy53My5vcmcvMjAwMC9zdmciPjwvc3ZnPg==\" style=\"--smush-placeholder-width: 256px; --smush-placeholder-aspect-ratio: 256\/154;\" \/><\/a>\n\t\t<\/figure>\n\t<\/div>\n<\/div><\/div><\/div><\/div><\/div><\/div><\/div><\/div><div class=\"vc_row wpb_row vc_row-fluid\"><div class=\"wpb_column vc_column_container vc_col-sm-12\"><div class=\"vc_column-inner\"><div class=\"wpb_wrapper\"><div class=\"vc_empty_space\"   style=\"height: 150px\"><span class=\"vc_empty_space_inner\"><\/span><\/div><\/div><\/div><\/div><\/div><div class=\"vc_row wpb_row vc_row-fluid\"><div class=\"wpb_column vc_column_container vc_col-sm-6\"><div class=\"vc_column-inner\"><div class=\"wpb_wrapper\">\n\t<div  class=\"wpb_single_image wpb_content_element vc_align_center wpb_content_element\">\n\t\t\n\t\t<figure class=\"wpb_wrapper vc_figure\">\n\t\t\t<div class=\"vc_single_image-wrapper   vc_box_border_grey\"><img decoding=\"async\" width=\"1800\" height=\"1200\" data-src=\"https:\/\/www.llcedc.com\/wp-content\/uploads\/2024\/11\/Copy-of-8T9A7409-scaled.jpeg\" class=\"vc_single_image-img attachment-full lazyload\" alt=\"\" title=\"Copy of 8T9A7409\" data-srcset=\"https:\/\/www.llcedc.com\/wp-content\/uploads\/2024\/11\/Copy-of-8T9A7409-scaled.jpeg 1800w, https:\/\/www.llcedc.com\/wp-content\/uploads\/2024\/11\/Copy-of-8T9A7409-300x200.jpeg 300w, https:\/\/www.llcedc.com\/wp-content\/uploads\/2024\/11\/Copy-of-8T9A7409-1024x683.jpeg 1024w, https:\/\/www.llcedc.com\/wp-content\/uploads\/2024\/11\/Copy-of-8T9A7409-768x512.jpeg 768w, https:\/\/www.llcedc.com\/wp-content\/uploads\/2024\/11\/Copy-of-8T9A7409-1536x1024.jpeg 1536w, https:\/\/www.llcedc.com\/wp-content\/uploads\/2024\/11\/Copy-of-8T9A7409-2048x1365.jpeg 2048w\" data-sizes=\"(max-width: 1800px) 100vw, 1800px\" src=\"data:image\/svg+xml;base64,PHN2ZyB3aWR0aD0iMSIgaGVpZ2h0PSIxIiB4bWxucz0iaHR0cDovL3d3dy53My5vcmcvMjAwMC9zdmciPjwvc3ZnPg==\" style=\"--smush-placeholder-width: 1800px; --smush-placeholder-aspect-ratio: 1800\/1200;\" \/><\/div>\n\t\t<\/figure>\n\t<\/div>\n<\/div><\/div><\/div><div class=\"wpb_column vc_column_container vc_col-sm-6\"><div class=\"vc_column-inner\"><div class=\"wpb_wrapper\"><div class='linesWrapper center'><h1 class=''>Affordable Housing<\/h1><\/div>\n\t<div class=\"wpb_text_column wpb_content_element\" >\n\t\t<div class=\"wpb_wrapper\">\n\t\t\t<p style=\"text-align: center;\">Since 2016 the Lake County Housing Coalition has been working to support a diverse Lake County where all community members can access quality and healthy housing. View their website to find news, resources, and education around affordable housing in Leadville and Lake County.<\/p>\n\n\t\t<\/div>\n\t<\/div>\n<div class='tdlButtonWrapper center'><a class='tdlButton t-white b-teal' href='https:\/\/housinglake.org\/' target='_blank'>Visit The Lake County Housing Coalition Website<\/a><\/div><\/div><\/div><\/div><\/div><div class=\"vc_row wpb_row vc_row-fluid\"><div class=\"wpb_column vc_column_container vc_col-sm-12\"><div class=\"vc_column-inner\"><div class=\"wpb_wrapper\"><div class=\"vc_empty_space\"   style=\"height: 150px\"><span class=\"vc_empty_space_inner\"><\/span><\/div><\/div><\/div><\/div><\/div>\n<\/div>","protected":false},"excerpt":{"rendered":"Encontrar una casa Si usted est\u00e1 buscando para comprar o alquilar una casa en Leadville o Lake County aqu\u00ed est\u00e1n las agencias de bienes ra\u00edces del condado y las empresas de gesti\u00f3n de la propiedad. Centennial Real Estate 1020 Poplar Street Leadville, CO 80461...","protected":false},"author":8,"featured_media":0,"parent":809,"menu_order":0,"comment_status":"closed","ping_status":"closed","template":"","meta":{"footnotes":""},"class_list":["post-565","page","type-page","status-publish","hentry"],"aioseo_notices":[],"_links":{"self":[{"href":"https:\/\/www.llcedc.com\/es\/wp-json\/wp\/v2\/pages\/565","targetHints":{"allow":["GET"]}}],"collection":[{"href":"https:\/\/www.llcedc.com\/es\/wp-json\/wp\/v2\/pages"}],"about":[{"href":"https:\/\/www.llcedc.com\/es\/wp-json\/wp\/v2\/types\/page"}],"author":[{"embeddable":true,"href":"https:\/\/www.llcedc.com\/es\/wp-json\/wp\/v2\/users\/8"}],"replies":[{"embeddable":true,"href":"https:\/\/www.llcedc.com\/es\/wp-json\/wp\/v2\/comments?post=565"}],"version-history":[{"count":12,"href":"https:\/\/www.llcedc.com\/es\/wp-json\/wp\/v2\/pages\/565\/revisions"}],"predecessor-version":[{"id":1140,"href":"https:\/\/www.llcedc.com\/es\/wp-json\/wp\/v2\/pages\/565\/revisions\/1140"}],"up":[{"embeddable":true,"href":"https:\/\/www.llcedc.com\/es\/wp-json\/wp\/v2\/pages\/809"}],"wp:attachment":[{"href":"https:\/\/www.llcedc.com\/es\/wp-json\/wp\/v2\/media?parent=565"}],"curies":[{"name":"wp","href":"https:\/\/api.w.org\/{rel}","templated":true}]}}