{"id":59,"date":"2022-10-11T11:00:11","date_gmt":"2022-10-11T17:00:11","guid":{"rendered":"https:\/\/www.llcedc.com\/?page_id=59"},"modified":"2025-01-22T15:35:17","modified_gmt":"2025-01-22T22:35:17","slug":"about-us","status":"publish","type":"page","link":"https:\/\/www.llcedc.com\/es\/about\/about-us\/","title":{"rendered":"Qui\u00e9nes somos"},"content":{"rendered":"<div class=\"wpb-content-wrapper\"><div class=\"vc_row wpb_row vc_row-fluid mobileReverse vc_row-o-content-middle vc_row-flex\"><div class=\"contentVCenter wpb_column vc_column_container vc_col-sm-6\"><div class=\"vc_column-inner\"><div class=\"wpb_wrapper\"><div class='linesWrapper'><h2 class=''>Nuestra misi\u00f3n<\/h2><\/div>\n\t<div class=\"wpb_text_column wpb_content_element\" >\n\t\t<div class=\"wpb_wrapper\">\n\t\t\t<p>Nuestra misi\u00f3n es construir un pr\u00f3spero condado de Lake a 3.000 metros de altitud, donde la vida a gran altura signifique resistencia, oportunidades y un fuerte sentido de comunidad.<\/p>\n<p>A trav\u00e9s de asociaciones comunitarias y el apoyo a las empresas locales, nuestro objetivo es construir una econom\u00eda fuerte que haga de Leadville un lugar vibrante para vivir, trabajar y divertirse durante generaciones.<\/p>\n\n\t\t<\/div>\n\t<\/div>\n<\/div><\/div><\/div><div class=\"wpb_column vc_column_container vc_col-sm-6\"><div class=\"vc_column-inner\"><div class=\"wpb_wrapper\">\n\t<div  class=\"wpb_single_image wpb_content_element vc_align_left wpb_content_element\">\n\t\t\n\t\t<figure class=\"wpb_wrapper vc_figure\">\n\t\t\t<div class=\"vc_single_image-wrapper   vc_box_border_grey\"><img decoding=\"async\" width=\"782\" height=\"704\" data-src=\"https:\/\/www.llcedc.com\/wp-content\/uploads\/2022\/10\/our-mission-100.jpg\" class=\"vc_single_image-img attachment-full lazyload\" alt=\"\" title=\"nuestra-misi\u00f3n-100\" data-srcset=\"https:\/\/www.llcedc.com\/wp-content\/uploads\/2022\/10\/our-mission-100.jpg 782w, https:\/\/www.llcedc.com\/wp-content\/uploads\/2022\/10\/our-mission-100-300x270.jpg 300w, https:\/\/www.llcedc.com\/wp-content\/uploads\/2022\/10\/our-mission-100-768x691.jpg 768w\" data-sizes=\"(max-width: 782px) 100vw, 782px\" src=\"data:image\/svg+xml;base64,PHN2ZyB3aWR0aD0iMSIgaGVpZ2h0PSIxIiB4bWxucz0iaHR0cDovL3d3dy53My5vcmcvMjAwMC9zdmciPjwvc3ZnPg==\" style=\"--smush-placeholder-width: 782px; --smush-placeholder-aspect-ratio: 782\/704;\" \/><\/div>\n\t\t<\/figure>\n\t<\/div>\n<\/div><\/div><\/div><\/div><div class=\"vc_row wpb_row vc_row-fluid vc_custom_1731654565508 vc_row-has-fill vc_row-o-content-middle vc_row-flex\"><div class=\"contentVCenter wpb_column vc_column_container vc_col-sm-6\"><div class=\"vc_column-inner\"><div class=\"wpb_wrapper\">\n\t<div  class=\"wpb_single_image wpb_content_element vc_align_left wpb_content_element\">\n\t\t\n\t\t<figure class=\"wpb_wrapper vc_figure\">\n\t\t\t<div class=\"vc_single_image-wrapper   vc_box_border_grey\"><img decoding=\"async\" width=\"782\" height=\"704\" data-src=\"https:\/\/www.llcedc.com\/wp-content\/uploads\/2022\/10\/our-vision-100.jpg\" class=\"vc_single_image-img attachment-full lazyload\" alt=\"\" title=\"nuestra-visi\u00f3n-100\" data-srcset=\"https:\/\/www.llcedc.com\/wp-content\/uploads\/2022\/10\/our-vision-100.jpg 782w, https:\/\/www.llcedc.com\/wp-content\/uploads\/2022\/10\/our-vision-100-300x270.jpg 300w, https:\/\/www.llcedc.com\/wp-content\/uploads\/2022\/10\/our-vision-100-768x691.jpg 768w\" data-sizes=\"(max-width: 782px) 100vw, 782px\" src=\"data:image\/svg+xml;base64,PHN2ZyB3aWR0aD0iMSIgaGVpZ2h0PSIxIiB4bWxucz0iaHR0cDovL3d3dy53My5vcmcvMjAwMC9zdmciPjwvc3ZnPg==\" style=\"--smush-placeholder-width: 782px; --smush-placeholder-aspect-ratio: 782\/704;\" \/><\/div>\n\t\t<\/figure>\n\t<\/div>\n<\/div><\/div><\/div><div class=\"contentVCenter wpb_column vc_column_container vc_col-sm-6\"><div class=\"vc_column-inner\"><div class=\"wpb_wrapper\"><div class='linesWrapper'><h2 class=''>Nuestro porqu\u00e9<\/h2><\/div>\n\t<div class=\"wpb_text_column wpb_content_element\" >\n\t\t<div class=\"wpb_wrapper\">\n\t\t\t<p>Aunque nos enfrentamos a retos \u00fanicos debido a nuestra geograf\u00eda, clima y distancia de las cadenas de suministro, estos mismos obst\u00e1culos nos hacen m\u00e1s fuertes. Lake County atrae a personas que adoptan nuestro estilo de vida y, juntos, convertimos los retos en oportunidades de crecimiento y resiliencia.<\/p>\n<p>Uniendo a los l\u00edderes locales y aprovechando la financiaci\u00f3n p\u00fablica y privada, creamos iniciativas de gran impacto mediante la colaboraci\u00f3n y la planificaci\u00f3n estrat\u00e9gica. Nos apasiona nuestra comunidad y nos dedicamos a marcar una diferencia duradera.<\/p>\n\n\t\t<\/div>\n\t<\/div>\n<\/div><\/div><\/div><\/div><div class=\"vc_row wpb_row vc_row-fluid mobileReverse vc_row-o-content-middle vc_row-flex\"><div class=\"contentVCenter wpb_column vc_column_container vc_col-sm-6\"><div class=\"vc_column-inner\"><div class=\"wpb_wrapper\"><div class='linesWrapper'><h2 class=''>Nuestro modelo de impacto colectivo<\/h2><\/div>\n\t<div class=\"wpb_text_column wpb_content_element\" >\n\t\t<div class=\"wpb_wrapper\">\n\t\t\t<p>Reunimos a diversas voces para abordar mano a mano los retos m\u00e1s dif\u00edciles de Lake County. Mediante un enfoque colaborativo y estructurado, unimos a miembros de la comunidad, empresas locales y l\u00edderes para abordar problemas sociales complejos. Trabajando juntos, creamos soluciones duraderas que fortalecen nuestra comunidad y garantizan un futuro pr\u00f3spero para todos.<\/p>\n\n\t\t<\/div>\n\t<\/div>\n<\/div><\/div><\/div><div class=\"wpb_column vc_column_container vc_col-sm-6\"><div class=\"vc_column-inner\"><div class=\"wpb_wrapper\">\n\t<div  class=\"wpb_single_image wpb_content_element vc_align_left wpb_content_element\">\n\t\t\n\t\t<figure class=\"wpb_wrapper vc_figure\">\n\t\t\t<div class=\"vc_single_image-wrapper   vc_box_border_grey\"><img decoding=\"async\" width=\"1080\" height=\"1080\" data-src=\"https:\/\/www.llcedc.com\/wp-content\/uploads\/2022\/10\/housing-1.jpg\" class=\"vc_single_image-img attachment-full lazyload\" alt=\"\" title=\"vivienda\" data-srcset=\"https:\/\/www.llcedc.com\/wp-content\/uploads\/2022\/10\/housing-1.jpg 1080w, https:\/\/www.llcedc.com\/wp-content\/uploads\/2022\/10\/housing-1-300x300.jpg 300w, https:\/\/www.llcedc.com\/wp-content\/uploads\/2022\/10\/housing-1-1024x1024.jpg 1024w, https:\/\/www.llcedc.com\/wp-content\/uploads\/2022\/10\/housing-1-150x150.jpg 150w, https:\/\/www.llcedc.com\/wp-content\/uploads\/2022\/10\/housing-1-768x768.jpg 768w, https:\/\/www.llcedc.com\/wp-content\/uploads\/2022\/10\/housing-1-400x400.jpg 400w, https:\/\/www.llcedc.com\/wp-content\/uploads\/2022\/10\/housing-1-600x600.jpg 600w\" data-sizes=\"(max-width: 1080px) 100vw, 1080px\" src=\"data:image\/svg+xml;base64,PHN2ZyB3aWR0aD0iMSIgaGVpZ2h0PSIxIiB4bWxucz0iaHR0cDovL3d3dy53My5vcmcvMjAwMC9zdmciPjwvc3ZnPg==\" style=\"--smush-placeholder-width: 1080px; --smush-placeholder-aspect-ratio: 1080\/1080;\" \/><\/div>\n\t\t<\/figure>\n\t<\/div>\n<\/div><\/div><\/div><\/div><div data-vc-full-width=\"true\" data-vc-full-width-temp=\"true\" data-vc-full-width-init=\"false\" class=\"vc_row wpb_row vc_row-fluid rowBrown vc_custom_1667329557232 vc_row-o-content-middle vc_row-flex\"><div class=\"wpb_column vc_column_container vc_col-sm-12\"><div class=\"vc_column-inner\"><div class=\"wpb_wrapper\">\n\t<div class=\"wpb_text_column wpb_content_element\" >\n\t\t<div class=\"wpb_wrapper\">\n\t\t\t<h3 style=\"text-align: center;\">Mant\u00e9ngase informado y suscr\u00edbase a nuestro bolet\u00edn para recibir actualizaciones de proyectos, noticias y anuncios de eventos en su bandeja de entrada.<\/h3>\n\n\t\t<\/div>\n\t<\/div>\n\n\t<div class=\"wpb_text_column wpb_content_element\" >\n\t\t<div class=\"wpb_wrapper\">\n\t\t\t<div class=\"convertkit-form wp-block-convertkit-form\" style=\"\"><script async data-uid=\"d87cb5d013\" src=\"https:\/\/llcedc.kit.com\/d87cb5d013\/index.js\" data-jetpack-boost=\"ignore\" data-no-defer=\"1\" nowprocket><\/script><\/div>\n\n\t\t<\/div>\n\t<\/div>\n<\/div><\/div><\/div><\/div><div class=\"vc_row-full-width vc_clearfix\"><\/div>\n<\/div>","protected":false},"excerpt":{"rendered":"Nuestra Misi\u00f3n Estamos en una misi\u00f3n para construir un pr\u00f3spero Condado de Lake a 10.152 pies, donde la vida en una gran elevaci\u00f3n significa resistencia, oportunidad, y un fuerte sentido de comunidad. Mediante asociaciones comunitarias y el apoyo a las empresas locales,...","protected":false},"author":8,"featured_media":0,"parent":57,"menu_order":0,"comment_status":"closed","ping_status":"closed","template":"","meta":{"footnotes":""},"class_list":["post-59","page","type-page","status-publish","hentry"],"aioseo_notices":[],"_links":{"self":[{"href":"https:\/\/www.llcedc.com\/es\/wp-json\/wp\/v2\/pages\/59","targetHints":{"allow":["GET"]}}],"collection":[{"href":"https:\/\/www.llcedc.com\/es\/wp-json\/wp\/v2\/pages"}],"about":[{"href":"https:\/\/www.llcedc.com\/es\/wp-json\/wp\/v2\/types\/page"}],"author":[{"embeddable":true,"href":"https:\/\/www.llcedc.com\/es\/wp-json\/wp\/v2\/users\/8"}],"replies":[{"embeddable":true,"href":"https:\/\/www.llcedc.com\/es\/wp-json\/wp\/v2\/comments?post=59"}],"version-history":[{"count":12,"href":"https:\/\/www.llcedc.com\/es\/wp-json\/wp\/v2\/pages\/59\/revisions"}],"predecessor-version":[{"id":1204,"href":"https:\/\/www.llcedc.com\/es\/wp-json\/wp\/v2\/pages\/59\/revisions\/1204"}],"up":[{"embeddable":true,"href":"https:\/\/www.llcedc.com\/es\/wp-json\/wp\/v2\/pages\/57"}],"wp:attachment":[{"href":"https:\/\/www.llcedc.com\/es\/wp-json\/wp\/v2\/media?parent=59"}],"curies":[{"name":"wp","href":"https:\/\/api.w.org\/{rel}","templated":true}]}}