{"id":8,"date":"2022-07-29T15:37:09","date_gmt":"2022-07-29T15:37:09","guid":{"rendered":"https:\/\/www.llcedc.com\/?page_id=8"},"modified":"2026-03-25T13:03:50","modified_gmt":"2026-03-25T19:03:50","slug":"home","status":"publish","type":"page","link":"https:\/\/www.llcedc.com\/es\/","title":{"rendered":"Inicio"},"content":{"rendered":"<div class=\"wpb-content-wrapper\"><div class=\"vc_row wpb_row vc_row-fluid\"><div class=\"wpb_column vc_column_container vc_col-sm-12\"><div class=\"vc_column-inner\"><div class=\"wpb_wrapper\"><h1 class='noMarginTop'>Corporaci\u00f3n para el Desarrollo Econ\u00f3mico de Leadville\/Condado de Lake (LLCEDC)<\/h1>\n\t<div class=\"wpb_text_column wpb_content_element\" >\n\t\t<div class=\"wpb_wrapper\">\n\t\t\t<p>Bienvenido a Leadville, la ciudad incorporada m\u00e1s alta de Norteam\u00e9rica, una joya escondida en el coraz\u00f3n del condado de Lake, Colorado.<\/p>\n<p><strong>Con nuestra rica historia y un sinf\u00edn de aventuras al aire libre, creemos que es el lugar perfecto para vivir, trabajar y divertirse.<\/strong><\/p>\n<p>Venga a ver por qu\u00e9 tanta gente c\u00e1lida y acogedora llama con orgullo a este lugar su hogar.<\/p>\n\n\t\t<\/div>\n\t<\/div>\n<div class=\"vc_separator wpb_content_element vc_separator_align_center vc_sep_width_100 vc_sep_border_width_4 vc_sep_pos_align_center vc_separator_no_text wpb_content_element  wpb_content_element\" ><span class=\"vc_sep_holder vc_sep_holder_l\"><span style=\"border-color:#336666;\" class=\"vc_sep_line\"><\/span><\/span><span class=\"vc_sep_holder vc_sep_holder_r\"><span style=\"border-color:#336666;\" class=\"vc_sep_line\"><\/span><\/span>\n<\/div><h1 class=''>WE ARE HIRING!<\/h1>\n\t<div class=\"wpb_text_column wpb_content_element\" >\n\t\t<div class=\"wpb_wrapper\">\n\t\t\t<p>The LLCEDC is hiring a Full Time Business Development Director. <span style=\"font-weight: 400;\">Screening interviews will begin once an adequate pool of applicants have applied or by April 15.<\/span><\/p>\n\n\t\t<\/div>\n\t<\/div>\n<div class='tdlButtonWrapper'><a class='tdlButton medium t-white b-teal' href='https:\/\/www.llcedc.com\/wp-content\/uploads\/2022\/10\/Business-_-Dev-Director-LLCEDC-.pdf' target=''>View The Job Description &amp; Apply Here<\/a><\/div><div class=\"vc_separator wpb_content_element vc_separator_align_center vc_sep_width_100 vc_sep_border_width_4 vc_sep_pos_align_center vc_separator_no_text wpb_content_element  wpb_content_element\" ><span class=\"vc_sep_holder vc_sep_holder_l\"><span style=\"border-color:#336666;\" class=\"vc_sep_line\"><\/span><\/span><span class=\"vc_sep_holder vc_sep_holder_r\"><span style=\"border-color:#336666;\" class=\"vc_sep_line\"><\/span><\/span>\n<\/div><\/div><\/div><\/div><\/div><div data-vc-full-width=\"true\" data-vc-full-width-temp=\"true\" data-vc-full-width-init=\"false\" data-vc-stretch-content=\"true\" class=\"vc_row wpb_row vc_row-fluid tdlNoInteriorPadding vc_row-no-padding\"><div class=\"wpb_column vc_column_container vc_col-sm-12\"><div class=\"vc_column-inner\"><div class=\"wpb_wrapper\"><div class='tdlButtonBlockContainer'><div class='tdlButtonBlockItem'>\n\t\t\t<div class='button darkteal'>\n\t\t\t\t<a href='https:\/\/www.llcedc.com\/es\/work\/employment-opportunities\/'>\n\t\t\t\t<h4>Oportunidades de empleo<\/h4>\n\t\t\t\t<\/a>\n\t\t\t<\/div>\n\t\t\t<div class='image'>\n\t\t\t\t<img data-src='https:\/\/www.llcedc.com\/wp-content\/uploads\/2022\/10\/Tabor-Opera-House-00354-web-600x600.jpg' src='data:image\/svg+xml;base64,PHN2ZyB3aWR0aD0iMSIgaGVpZ2h0PSIxIiB4bWxucz0iaHR0cDovL3d3dy53My5vcmcvMjAwMC9zdmciPjwvc3ZnPg==' class='lazyload' style='--smush-placeholder-width: 600px; --smush-placeholder-aspect-ratio: 600\/600;' \/>\n\t\t\t<\/div>\n\n\t\t<\/div><div class='tdlButtonBlockItem'>\n\t\t\t<div class='button maroon'>\n\t\t\t\t<a href='https:\/\/www.llcedc.com\/es\/resources\/community-resilience\/'>\n\t\t\t\t<h4>Datos<\/h4>\n\t\t\t\t<\/a>\n\t\t\t<\/div>\n\t\t\t<div class='image'>\n\t\t\t\t<img data-src='https:\/\/www.llcedc.com\/wp-content\/uploads\/2022\/10\/Matchless-Mine-600x600.jpg' src='data:image\/svg+xml;base64,PHN2ZyB3aWR0aD0iMSIgaGVpZ2h0PSIxIiB4bWxucz0iaHR0cDovL3d3dy53My5vcmcvMjAwMC9zdmciPjwvc3ZnPg==' class='lazyload' style='--smush-placeholder-width: 600px; --smush-placeholder-aspect-ratio: 600\/600;' \/>\n\t\t\t<\/div>\n\n\t\t<\/div><div class='tdlButtonBlockItem'>\n\t\t\t<div class='button blue'>\n\t\t\t\t<a href='https:\/\/www.llcedc.com\/es\/do-business\/business-support\/'>\n\t\t\t\t<h4>Apoyo a las empresas<\/h4>\n\t\t\t\t<\/a>\n\t\t\t<\/div>\n\t\t\t<div class='image'>\n\t\t\t\t<img data-src='https:\/\/www.llcedc.com\/wp-content\/uploads\/2024\/11\/Copy-of-8T9A4340-600x600.jpeg' src='data:image\/svg+xml;base64,PHN2ZyB3aWR0aD0iMSIgaGVpZ2h0PSIxIiB4bWxucz0iaHR0cDovL3d3dy53My5vcmcvMjAwMC9zdmciPjwvc3ZnPg==' class='lazyload' style='--smush-placeholder-width: 600px; --smush-placeholder-aspect-ratio: 600\/600;' \/>\n\t\t\t<\/div>\n\n\t\t<\/div><div class='tdlButtonBlockItem'>\n\t\t\t<div class='button brown'>\n\t\t\t\t<a href='https:\/\/www.llcedc.com\/es\/about\/about-us\/'>\n\t\t\t\t<h4>Qui\u00e9nes somos<\/h4>\n\t\t\t\t<\/a>\n\t\t\t<\/div>\n\t\t\t<div class='image'>\n\t\t\t\t<img data-src='https:\/\/www.llcedc.com\/wp-content\/uploads\/2022\/10\/Leadville2-600x338.jpg' src='data:image\/svg+xml;base64,PHN2ZyB3aWR0aD0iMSIgaGVpZ2h0PSIxIiB4bWxucz0iaHR0cDovL3d3dy53My5vcmcvMjAwMC9zdmciPjwvc3ZnPg==' class='lazyload' style='--smush-placeholder-width: 600px; --smush-placeholder-aspect-ratio: 600\/338;' \/>\n\t\t\t<\/div>\n\n\t\t<\/div><div class='tdlButtonBlockItem'>\n\t\t\t<div class='button teal'>\n\t\t\t\t<a href='https:\/\/www.llcedc.com\/es\/about\/become-a-member\/'>\n\t\t\t\t<h4>Hacerse socio<\/h4>\n\t\t\t\t<\/a>\n\t\t\t<\/div>\n\t\t\t<div class='image'>\n\t\t\t\t<img data-src='https:\/\/www.llcedc.com\/wp-content\/uploads\/2022\/10\/train-600x600.jpg' src='data:image\/svg+xml;base64,PHN2ZyB3aWR0aD0iMSIgaGVpZ2h0PSIxIiB4bWxucz0iaHR0cDovL3d3dy53My5vcmcvMjAwMC9zdmciPjwvc3ZnPg==' class='lazyload' style='--smush-placeholder-width: 600px; --smush-placeholder-aspect-ratio: 600\/600;' \/>\n\t\t\t<\/div>\n\n\t\t<\/div><\/div><\/div><\/div><\/div><\/div><div class=\"vc_row-full-width vc_clearfix\"><\/div><div id=\"testimonialsBlockHome\" class=\"vc_row wpb_row vc_row-fluid vc_row-o-equal-height vc_row-o-content-middle vc_row-flex\"><div class=\"wpb_column vc_column_container vc_col-sm-5\"><div class=\"vc_column-inner\"><div class=\"wpb_wrapper\"><h3 class=''>Qu\u00e9 son los locales<br \/>\nque dicen de nosotros<br \/>\n\u00a1lo dice todo!<\/h3><\/div><\/div><\/div><div class=\"wpb_column vc_column_container vc_col-sm-7\"><div class=\"vc_column-inner\"><div class=\"wpb_wrapper\"><div class='tdl-testimonial-container carousel'><div class='testimonialTDL' id='testimonial_1'><div class='testimonial_content'>Leadville es una ciudad tan singular que es dif\u00edcil no enamorarse de ella. Realmente lo tenemos todo, acceso a un mont\u00f3n de terrenos p\u00fablicos, un centro encantador y una comunidad acogedora y diversa.<\/div><\/div><div class='clear'><\/div><\/div><div id='dotsNavigation'><ul><li id='testimonial_1'><\/li><\/ul><\/div><\/div><\/div><\/div><\/div><div data-vc-full-width=\"true\" data-vc-full-width-temp=\"true\" data-vc-full-width-init=\"false\" data-vc-stretch-content=\"true\" class=\"vc_row wpb_row vc_row-fluid tdlTealBlock noMarginBottom vc_row-no-padding\"><div class=\"wpb_column vc_column_container vc_col-sm-12\"><div class=\"vc_column-inner\"><div class=\"wpb_wrapper\"><div class='tdlStats'><div class='stat' id='elevation'><div class='count'><span class='number'>10152<\/span><\/div><h4>elevaci\u00f3n<\/h4><\/div><div class='stat' id='population'><div class='count'><span class='number'>8342<\/span><\/div><h4>poblaci\u00f3n<\/h4><\/div><div class='stat' id='median_age'><div class='count'><span class='number'>218<\/span><\/div><h4>empresas locales<\/h4><\/div><div class='stat' id='jobs'><div class='count'><span class='number'>2745<\/span><\/div><h4>puestos de trabajo<\/h4><\/div><div class='stat' id='unemployment'><div class='count'><span class='number'>2.56<\/span><\/div><h4>desempleo<\/h4><\/div><\/div><\/div><\/div><\/div><\/div><div class=\"vc_row-full-width vc_clearfix\"><\/div><div class=\"vc_row wpb_row vc_row-fluid\"><div class=\"wpb_column vc_column_container vc_col-sm-12\"><div class=\"vc_column-inner\"><div class=\"wpb_wrapper\"><div class=\"vc_empty_space\"   style=\"height: 75px\"><span class=\"vc_empty_space_inner\"><\/span><\/div><\/div><\/div><\/div><\/div><div data-vc-full-width=\"true\" data-vc-full-width-temp=\"true\" data-vc-full-width-init=\"false\" class=\"vc_row wpb_row vc_row-fluid tdlPictureBlock vc_custom_1731651916933 vc_row-has-fill\"><div class=\"wpb_column vc_column_container vc_col-sm-12\"><div class=\"vc_column-inner\"><div class=\"wpb_wrapper\"><h3 class='center'>No te pierdas nada de lo que Leadville y el condado de Lake tienen que ofrecerte.<\/h3><div class=\"vc_empty_space\"   style=\"height: 32px\"><span class=\"vc_empty_space_inner\"><\/span><\/div>\n\t<div class=\"wpb_text_column wpb_content_element\" >\n\t\t<div class=\"wpb_wrapper\">\n\t\t\t<h4 style=\"text-align: center;\">Suscr\u00edbase a nuestro bolet\u00edn para recibir actualizaciones, recursos y anuncios de eventos en su bandeja de entrada.<\/h4>\n\n\t\t<\/div>\n\t<\/div>\n\n\t<div class=\"wpb_text_column wpb_content_element\" >\n\t\t<div class=\"wpb_wrapper\">\n\t\t\t<div class=\"convertkit-form wp-block-convertkit-form\" style=\"\"><script async data-uid=\"d87cb5d013\" src=\"https:\/\/llcedc.kit.com\/d87cb5d013\/index.js\" data-jetpack-boost=\"ignore\" data-no-defer=\"1\" nowprocket><\/script><\/div>\n\n\t\t<\/div>\n\t<\/div>\n<\/div><\/div><\/div><\/div><div class=\"vc_row-full-width vc_clearfix\"><\/div><div class=\"vc_row wpb_row vc_row-fluid\"><div class=\"wpb_column vc_column_container vc_col-sm-12\"><div class=\"vc_column-inner\"><div class=\"wpb_wrapper\"><div class=\"vc_empty_space\"   style=\"height: 75px\"><span class=\"vc_empty_space_inner\"><\/span><\/div><\/div><\/div><\/div><\/div>\n<\/div>","protected":false},"excerpt":{"rendered":"Leadville es una ciudad tan singular que es dif\u00edcil no enamorarse de ella. Realmente lo tenemos todo, acceso a un mont\u00f3n de terrenos p\u00fablicos, un centro encantador y una comunidad acogedora y diversa.","protected":false},"author":8,"featured_media":0,"parent":0,"menu_order":0,"comment_status":"closed","ping_status":"closed","template":"","meta":{"footnotes":""},"class_list":["post-8","page","type-page","status-publish","hentry"],"aioseo_notices":[],"_links":{"self":[{"href":"https:\/\/www.llcedc.com\/es\/wp-json\/wp\/v2\/pages\/8","targetHints":{"allow":["GET"]}}],"collection":[{"href":"https:\/\/www.llcedc.com\/es\/wp-json\/wp\/v2\/pages"}],"about":[{"href":"https:\/\/www.llcedc.com\/es\/wp-json\/wp\/v2\/types\/page"}],"author":[{"embeddable":true,"href":"https:\/\/www.llcedc.com\/es\/wp-json\/wp\/v2\/users\/8"}],"replies":[{"embeddable":true,"href":"https:\/\/www.llcedc.com\/es\/wp-json\/wp\/v2\/comments?post=8"}],"version-history":[{"count":12,"href":"https:\/\/www.llcedc.com\/es\/wp-json\/wp\/v2\/pages\/8\/revisions"}],"predecessor-version":[{"id":1358,"href":"https:\/\/www.llcedc.com\/es\/wp-json\/wp\/v2\/pages\/8\/revisions\/1358"}],"wp:attachment":[{"href":"https:\/\/www.llcedc.com\/es\/wp-json\/wp\/v2\/media?parent=8"}],"curies":[{"name":"wp","href":"https:\/\/api.w.org\/{rel}","templated":true}]}}