{"id":833,"date":"2024-10-08T12:05:43","date_gmt":"2024-10-08T18:05:43","guid":{"rendered":"https:\/\/www.llcedc.com\/?page_id=833"},"modified":"2024-11-14T12:39:14","modified_gmt":"2024-11-14T19:39:14","slug":"privacy-policy-2","status":"publish","type":"page","link":"https:\/\/www.llcedc.com\/es\/privacy-policy-2\/","title":{"rendered":"Pol\u00edtica de privacidad"},"content":{"rendered":"<div class=\"wpb-content-wrapper\"><div class=\"vc_row wpb_row vc_row-fluid\"><div class=\"wpb_column vc_column_container vc_col-sm-12\"><div class=\"vc_column-inner\"><div class=\"wpb_wrapper\">\n\t<div class=\"wpb_text_column wpb_content_element\" >\n\t\t<div class=\"wpb_wrapper\">\n\t\t\t<p><b>Fecha de entrada en vigor: 24 de octubre de 2024<\/b><\/p>\n<p>&nbsp;<\/p>\n<p><b>Introducci\u00f3n<\/b><\/p>\n<p>&nbsp;<\/p>\n<p><span style=\"font-weight: 400;\">En Leadville Lake County Economic Development Corporation (\"nosotros\", \"nos\" o \"nuestro\"), nos comprometemos a proteger su privacidad. Esta Pol\u00edtica de Privacidad describe c\u00f3mo recopilamos, utilizamos y divulgamos su informaci\u00f3n personal cuando usted visita nuestro sitio web en lakecountyedc.com (el \"Sitio Web\") y cuando usted proporciona voluntariamente datos personales, como su nombre o direcci\u00f3n de correo electr\u00f3nico.<\/span> <span style=\"font-weight: 400;\">Lea atentamente esta Pol\u00edtica de privacidad.\u00a0<\/span><\/p>\n<p>&nbsp;<\/p>\n<p><b>Al acceder o utilizar este sitio web, usted acepta esta Pol\u00edtica de privacidad.<\/b> <span style=\"font-weight: 400;\">Si no est\u00e1 de acuerdo con nuestra Pol\u00edtica de Privacidad, no utilice nuestro Sitio Web. <\/span><span style=\"font-weight: 400;\">El uso de nuestro Sitio Web con el prop\u00f3sito limitado y exclusivo de revisar esta Pol\u00edtica no constituye su aceptaci\u00f3n de la misma a menos que haga un uso posterior de nuestro Sitio Web.\u00a0<\/span><\/p>\n<p>&nbsp;<\/p>\n<p><b>Informaci\u00f3n que recopilamos<\/b><\/p>\n<p>&nbsp;<\/p>\n<p><span style=\"font-weight: 400;\">Podemos recopilar y procesar los siguientes tipos de informaci\u00f3n personal sobre usted:<\/span><\/p>\n<ul>\n<li style=\"font-weight: 400;\" aria-level=\"1\"><span style=\"font-weight: 400;\">\u00a0Informaci\u00f3n voluntaria: Si se suscribe a nuestra lista de correo electr\u00f3nico, se registra en eventos o rellena formularios, podemos recopilar y procesar los siguientes tipos de informaci\u00f3n personal sobre usted: su nombre, n\u00famero de tel\u00e9fono, direcci\u00f3n de correo electr\u00f3nico, perfil en redes sociales u otra informaci\u00f3n que proporcione voluntariamente.<\/span><\/li>\n<\/ul>\n<p><b>\u00a0\u00a0\u00a0<\/b><\/p>\n<ul>\n<li style=\"font-weight: 400;\" aria-level=\"1\"><span style=\"font-weight: 400;\">\u00a0Informaci\u00f3n autom\u00e1tica: Podemos recopilar informaci\u00f3n sobre su uso de nuestro Sitio Web a trav\u00e9s de cookies o tecnolog\u00edas similares, incluido su nombre de dominio, direcci\u00f3n IP, proveedor de servicios de Internet, sitios web que le remitieron a nosotros, modelo de dispositivo m\u00f3vil, tipo de navegador y actividad de navegaci\u00f3n.\u00a0<\/span><\/li>\n<\/ul>\n<p>&nbsp;<\/p>\n<p><b>C\u00f3mo recopilamos la informaci\u00f3n<\/b><\/p>\n<p>&nbsp;<\/p>\n<p><span style=\"font-weight: 400;\">Podemos recopilar informaci\u00f3n personal de la siguiente manera:<\/span><\/p>\n<ul>\n<li style=\"font-weight: 400;\" aria-level=\"1\"><span style=\"font-weight: 400;\">Podemos recopilar informaci\u00f3n que usted nos proporcione cuando utilice nuestro sitio web, por ejemplo, cuando rellene formularios en nuestro sitio web, se suscriba a cualquiera de nuestros servicios, rellene una encuesta en nuestro sitio web, publique material en nuestro sitio web o descargue contenidos de nuestro sitio web.<\/span><\/li>\n<li style=\"font-weight: 400;\" aria-level=\"1\"><span style=\"font-weight: 400;\">Podemos recopilar la informaci\u00f3n que nos proporcione cuando se ponga en contacto con nosotros por tel\u00e9fono, correo electr\u00f3nico, mensaje de texto o aplicaci\u00f3n de mensajer\u00eda en las redes sociales.<\/span><\/li>\n<li style=\"font-weight: 400;\" aria-level=\"1\"><span style=\"font-weight: 400;\">Podemos recopilar informaci\u00f3n de perfiles de redes sociales que usted haya puesto a disposici\u00f3n del p\u00fablico a trav\u00e9s de la configuraci\u00f3n de su cuenta de red social si decide acceder a nuestras p\u00e1ginas de redes sociales o conectarse o enlazar de otro modo a nuestro sitio web con su propia p\u00e1gina de redes sociales. Tambi\u00e9n podemos recopilar los comentarios de los clientes y del p\u00fablico en las redes sociales.<\/span><\/li>\n<li style=\"font-weight: 400;\" aria-level=\"1\"><span style=\"font-weight: 400;\">Nuestro sitio web puede utilizar cookies, p\u00edxeles de seguimiento y otras tecnolog\u00edas similares para recopilar informaci\u00f3n sobre los visitantes de nuestro sitio web. Una cookie es una peque\u00f1a cantidad de datos que se env\u00eda a su navegador desde un servidor web y se almacena en el disco duro de su ordenador. Un p\u00edxel de seguimiento es un gr\u00e1fico que se carga cuando un usuario visita un sitio web o abre un correo electr\u00f3nico y se utiliza para rastrear determinadas actividades del usuario. Si lo prefiere, puede desactivar las cookies en la configuraci\u00f3n de su navegador.<\/span><\/li>\n<\/ul>\n<p>&nbsp;<\/p>\n<p><b>C\u00f3mo utilizamos su informaci\u00f3n<\/b><\/p>\n<p>&nbsp;<\/p>\n<p><span style=\"font-weight: 400;\">Podemos utilizar la informaci\u00f3n recopilada:<\/span><\/p>\n<ul>\n<li style=\"font-weight: 400;\" aria-level=\"1\"><span style=\"font-weight: 400;\">\u00a0Para enviarle comunicaciones, boletines o informaci\u00f3n a la que se haya suscrito.<\/span><\/li>\n<li style=\"font-weight: 400;\" aria-level=\"1\"><span style=\"font-weight: 400;\">Para operar, mantener y mejorar nuestro sitio web y ayudarnos a desarrollar, personalizar, entregar, apoyar y mejorar nuestras ofertas basadas en sus comentarios y actividad de navegaci\u00f3n.<\/span><\/li>\n<li style=\"font-weight: 400;\" aria-level=\"1\"><span style=\"font-weight: 400;\">Para mantenimiento de registros y cumplimiento legal.<\/span><\/li>\n<li style=\"font-weight: 400;\" aria-level=\"1\"><span style=\"font-weight: 400;\">Para realizar an\u00e1lisis que nos ayuden a comprender mejor a nuestros clientes y mejorar nuestros productos y servicios.<\/span><\/li>\n<li style=\"font-weight: 400;\" aria-level=\"1\"><span style=\"font-weight: 400;\">Procesar y gestionar las compras realizadas por usted.<\/span><\/li>\n<li style=\"font-weight: 400;\" aria-level=\"1\"><span style=\"font-weight: 400;\">Comunicarnos con usted para informarle de ofertas especiales, servicios y promociones que puedan ser de su inter\u00e9s.<\/span><\/li>\n<li style=\"font-weight: 400;\" aria-level=\"1\"><span style=\"font-weight: 400;\">Notificarle cambios en nuestro servicio.<\/span><\/li>\n<\/ul>\n<p>&nbsp;<\/p>\n<p><span style=\"font-weight: 400;\">Podemos utilizar la informaci\u00f3n recopilada de las cookies, los p\u00edxeles de seguimiento y otras tecnolog\u00edas similares para dirigir publicidad a usted personalmente, a trav\u00e9s de m\u00e9todos en l\u00ednea y fuera de l\u00ednea, incluidos el correo electr\u00f3nico, los medios de visualizaci\u00f3n, los medios de v\u00eddeo y el correo directo. Usted puede optar por no recibir correo directo de nosotros o de nuestros proveedores de servicios externos envi\u00e1ndonos un correo electr\u00f3nico a <\/span><a href=\"mailto:admin@lakecountyedc.com\"><span style=\"font-weight: 400;\">info@llcedc.com<\/span><\/a><span style=\"font-weight: 400;\">.\u00a0\u00a0<\/span><\/p>\n<p>&nbsp;<\/p>\n<p><b>C\u00f3mo compartimos la informaci\u00f3n recopilada<\/b><\/p>\n<p>&nbsp;<\/p>\n<p><span style=\"font-weight: 400;\">No vendemos ni compartimos su informaci\u00f3n personal con terceros, excepto en respuesta a un proceso legal, cuando sea necesario para cumplir con la ley, para combatir actividades fraudulentas o delictivas, para hacer cumplir nuestros acuerdos, pol\u00edticas corporativas y las condiciones de uso de nuestro sitio web, y para proteger los derechos, la propiedad y la seguridad de nuestro negocio, nuestros empleados, agentes, clientes u otros.<\/span><\/p>\n<p>&nbsp;<\/p>\n<p><b>Seguridad de los datos<\/b><\/p>\n<p>&nbsp;<\/p>\n<p><span style=\"font-weight: 400;\">Aplicamos las medidas de seguridad est\u00e1ndar del sector para proteger sus datos personales. Sin embargo, ninguna transmisi\u00f3n de datos en l\u00ednea es completamente segura.<\/span><\/p>\n<p>&nbsp;<\/p>\n<p><b>Sus derechos<\/b><\/p>\n<p>&nbsp;<\/p>\n<p><span style=\"font-weight: 400;\">Tiene derecho a solicitar el acceso, la rectificaci\u00f3n o la supresi\u00f3n de sus datos personales en cualquier momento. Para ejercer estos derechos, p\u00f3ngase en contacto con nosotros en <\/span><a href=\"mailto:admin@lakecountyedc.com\"><span style=\"font-weight: 400;\">info@llcedc.com<\/span><\/a><span style=\"font-weight: 400;\">.<\/span><\/p>\n<p>&nbsp;<\/p>\n<p><b>Enlaces de terceros<\/b><\/p>\n<p><span style=\"font-weight: 400;\">Nuestro sitio web puede contener enlaces a sitios web externos gestionados por terceros. Tenga en cuenta que no somos responsables del contenido ni de las pr\u00e1cticas de privacidad de estos sitios web. Le recomendamos que consulte las pol\u00edticas de privacidad de los sitios web de terceros que visite. Sus interacciones con dichos sitios externos se rigen por sus respectivas pol\u00edticas de privacidad, no por las nuestras.<\/span><\/p>\n<p>&nbsp;<\/p>\n<p><b>Cambios en esta pol\u00edtica<\/b><\/p>\n<p>&nbsp;<\/p>\n<p><span style=\"font-weight: 400;\">Podemos actualizar esta Pol\u00edtica de Privacidad cuando sea necesario. Cualquier cambio se publicar\u00e1 en esta p\u00e1gina y la fecha de entrada en vigor se actualizar\u00e1 en consecuencia.<\/span><\/p>\n<p>&nbsp;<\/p>\n<p><b>Contacte con nosotros<\/b><\/p>\n<p>&nbsp;<\/p>\n<p><span style=\"font-weight: 400;\">Si tiene alguna pregunta sobre esta Pol\u00edtica de privacidad, p\u00f3ngase en contacto con nosotros en<\/span><\/p>\n<p>&nbsp;<\/p>\n<p><span style=\"font-weight: 400;\">Leadville Corporaci\u00f3n de Desarrollo Econ\u00f3mico del Condado de Lake<\/span><\/p>\n<p><span style=\"font-weight: 400;\">Apartado de correos 1503<\/span><\/p>\n<p><span style=\"font-weight: 400;\">Leadville, CO 80461<\/span><\/p>\n<p><span style=\"font-weight: 400;\">info@llcedc.com<\/span><\/p>\n<p><span style=\"font-weight: 400;\">719-293-2316<\/span><\/p>\n\n\t\t<\/div>\n\t<\/div>\n<\/div><\/div><\/div><\/div>\n<\/div>","protected":false},"excerpt":{"rendered":"Fecha de entrada en vigor: 24 de octubre de 2024 Introducci\u00f3n En Leadville Lake County Economic Development Corporation (\"nosotros\", \"nos\" o \"nuestro\"), nos comprometemos a proteger su privacidad. Esta Pol\u00edtica de Privacidad describe c\u00f3mo recopilamos, utilizamos y divulgamos su...","protected":false},"author":7,"featured_media":0,"parent":0,"menu_order":0,"comment_status":"closed","ping_status":"closed","template":"","meta":{"footnotes":""},"class_list":["post-833","page","type-page","status-publish","hentry"],"aioseo_notices":[],"_links":{"self":[{"href":"https:\/\/www.llcedc.com\/es\/wp-json\/wp\/v2\/pages\/833","targetHints":{"allow":["GET"]}}],"collection":[{"href":"https:\/\/www.llcedc.com\/es\/wp-json\/wp\/v2\/pages"}],"about":[{"href":"https:\/\/www.llcedc.com\/es\/wp-json\/wp\/v2\/types\/page"}],"author":[{"embeddable":true,"href":"https:\/\/www.llcedc.com\/es\/wp-json\/wp\/v2\/users\/7"}],"replies":[{"embeddable":true,"href":"https:\/\/www.llcedc.com\/es\/wp-json\/wp\/v2\/comments?post=833"}],"version-history":[{"count":5,"href":"https:\/\/www.llcedc.com\/es\/wp-json\/wp\/v2\/pages\/833\/revisions"}],"predecessor-version":[{"id":1036,"href":"https:\/\/www.llcedc.com\/es\/wp-json\/wp\/v2\/pages\/833\/revisions\/1036"}],"wp:attachment":[{"href":"https:\/\/www.llcedc.com\/es\/wp-json\/wp\/v2\/media?parent=833"}],"curies":[{"name":"wp","href":"https:\/\/api.w.org\/{rel}","templated":true}]}}